{"id":100,"date":"2025-01-07T18:33:28","date_gmt":"2025-01-07T17:33:28","guid":{"rendered":"https:\/\/www.le-cocagne.com\/?page_id=100"},"modified":"2026-03-03T22:32:16","modified_gmt":"2026-03-03T21:32:16","slug":"nos-vins","status":"publish","type":"page","link":"https:\/\/www.le-cocagne.com\/en\/nos-vins\/","title":{"rendered":"Our Wines"},"content":{"rendered":"<p><img loading=\"lazy\" decoding=\"async\" class=\"alignleft wp-image-512 size-medium\" src=\"https:\/\/www.le-cocagne.com\/wp-content\/uploads\/2025\/12\/IMG-20251119-WA0012-300x225.jpg\" alt=\"\" width=\"300\" height=\"225\" srcset=\"https:\/\/www.le-cocagne.com\/wp-content\/uploads\/2025\/12\/IMG-20251119-WA0012-300x225.jpg 300w, https:\/\/www.le-cocagne.com\/wp-content\/uploads\/2025\/12\/IMG-20251119-WA0012-1024x768.jpg 1024w, https:\/\/www.le-cocagne.com\/wp-content\/uploads\/2025\/12\/IMG-20251119-WA0012-768x576.jpg 768w, https:\/\/www.le-cocagne.com\/wp-content\/uploads\/2025\/12\/IMG-20251119-WA0012-1536x1152.jpg 1536w, https:\/\/www.le-cocagne.com\/wp-content\/uploads\/2025\/12\/IMG-20251119-WA0012-16x12.jpg 16w, https:\/\/www.le-cocagne.com\/wp-content\/uploads\/2025\/12\/IMG-20251119-WA0012.jpg 2048w\" sizes=\"auto, (max-width: 300px) 100vw, 300px\" \/><strong>The wines of the Domaine<\/strong><\/p>\n<p>We have a small artisanal production of wine and sparkling wine, made from Flor\u00e9al, Grenache and Syrah grape varieties.<\/p>\n<p>We produce using organic farming methods.<\/p>\n<p><strong>You can buy our wines directly at the Domaine; opening hours are:<\/strong><\/p>\n<p>Wednesday, Saturday and Sunday from 10.00-14.00 or by appointment at 0619173496.<\/p>\n<p>&nbsp;<\/p>\n<p><strong>Bubbles pouring \u2013 the effervescence that touches<\/strong><\/p>\n<p>Slightly sparkling or \"Frizzante\", as the Italians say, this wine will surprise you with its very fine and soft bubbles.<\/p>\n<p>We produce our sparkling wine \"Bullesversant\" in white, ros\u00e9, and red. Enjoy it neat, \"over ice\" (in a \"pool\"), or in various Spritz variations (see our recipe suggestions below).<\/p>\n<p>The grape varieties:<\/p>\n<ul>\n<li>White Bubbles: 100% Flor\u00e9al<\/li>\n<li>Bullesversant Ros\u00e9: 100% Grenache<\/li>\n<li>Red Bubbles: 100% Syrah<\/li>\n<\/ul>\n<div id='gallery-1' class='gallery galleryid-100 gallery-columns-4 gallery-size-medium'><figure class='gallery-item'>\n\t\t\t<div class='gallery-icon portrait'>\n\t\t\t\t<a href='https:\/\/www.le-cocagne.com\/wp-content\/uploads\/2025\/12\/IMG-20251121-WA0006.jpg'><img loading=\"lazy\" decoding=\"async\" width=\"225\" height=\"300\" src=\"https:\/\/www.le-cocagne.com\/wp-content\/uploads\/2025\/12\/IMG-20251121-WA0006-225x300.jpg\" class=\"attachment-medium size-medium\" alt=\"\" srcset=\"https:\/\/www.le-cocagne.com\/wp-content\/uploads\/2025\/12\/IMG-20251121-WA0006-225x300.jpg 225w, https:\/\/www.le-cocagne.com\/wp-content\/uploads\/2025\/12\/IMG-20251121-WA0006-768x1024.jpg 768w, https:\/\/www.le-cocagne.com\/wp-content\/uploads\/2025\/12\/IMG-20251121-WA0006-1152x1536.jpg 1152w, https:\/\/www.le-cocagne.com\/wp-content\/uploads\/2025\/12\/IMG-20251121-WA0006-9x12.jpg 9w, https:\/\/www.le-cocagne.com\/wp-content\/uploads\/2025\/12\/IMG-20251121-WA0006.jpg 1200w\" sizes=\"auto, (max-width: 225px) 100vw, 225px\" \/><\/a>\n\t\t\t<\/div><\/figure><figure class='gallery-item'>\n\t\t\t<div class='gallery-icon portrait'>\n\t\t\t\t<a href='https:\/\/www.le-cocagne.com\/wp-content\/uploads\/2025\/10\/IMG-20250831-WA0002.jpg'><img loading=\"lazy\" decoding=\"async\" width=\"225\" height=\"300\" src=\"https:\/\/www.le-cocagne.com\/wp-content\/uploads\/2025\/10\/IMG-20250831-WA0002-225x300.jpg\" class=\"attachment-medium size-medium\" alt=\"\" srcset=\"https:\/\/www.le-cocagne.com\/wp-content\/uploads\/2025\/10\/IMG-20250831-WA0002-225x300.jpg 225w, https:\/\/www.le-cocagne.com\/wp-content\/uploads\/2025\/10\/IMG-20250831-WA0002-768x1024.jpg 768w, https:\/\/www.le-cocagne.com\/wp-content\/uploads\/2025\/10\/IMG-20250831-WA0002-1152x1536.jpg 1152w, https:\/\/www.le-cocagne.com\/wp-content\/uploads\/2025\/10\/IMG-20250831-WA0002-9x12.jpg 9w, https:\/\/www.le-cocagne.com\/wp-content\/uploads\/2025\/10\/IMG-20250831-WA0002.jpg 1200w\" sizes=\"auto, (max-width: 225px) 100vw, 225px\" \/><\/a>\n\t\t\t<\/div><\/figure><figure class='gallery-item'>\n\t\t\t<div class='gallery-icon portrait'>\n\t\t\t\t<a href='https:\/\/www.le-cocagne.com\/wp-content\/uploads\/2025\/10\/IMG-20250831-WA0001.jpg'><img loading=\"lazy\" decoding=\"async\" width=\"169\" height=\"300\" src=\"https:\/\/www.le-cocagne.com\/wp-content\/uploads\/2025\/10\/IMG-20250831-WA0001-169x300.jpg\" class=\"attachment-medium size-medium\" alt=\"\" srcset=\"https:\/\/www.le-cocagne.com\/wp-content\/uploads\/2025\/10\/IMG-20250831-WA0001-169x300.jpg 169w, https:\/\/www.le-cocagne.com\/wp-content\/uploads\/2025\/10\/IMG-20250831-WA0001-576x1024.jpg 576w, https:\/\/www.le-cocagne.com\/wp-content\/uploads\/2025\/10\/IMG-20250831-WA0001-768x1365.jpg 768w, https:\/\/www.le-cocagne.com\/wp-content\/uploads\/2025\/10\/IMG-20250831-WA0001-864x1536.jpg 864w, https:\/\/www.le-cocagne.com\/wp-content\/uploads\/2025\/10\/IMG-20250831-WA0001-7x12.jpg 7w, https:\/\/www.le-cocagne.com\/wp-content\/uploads\/2025\/10\/IMG-20250831-WA0001.jpg 900w\" sizes=\"auto, (max-width: 169px) 100vw, 169px\" \/><\/a>\n\t\t\t<\/div><\/figure><figure class='gallery-item'>\n\t\t\t<div class='gallery-icon portrait'>\n\t\t\t\t<a href='https:\/\/www.le-cocagne.com\/wp-content\/uploads\/2025\/10\/IMG-20250529-WA0022.jpg'><img loading=\"lazy\" decoding=\"async\" width=\"225\" height=\"300\" src=\"https:\/\/www.le-cocagne.com\/wp-content\/uploads\/2025\/10\/IMG-20250529-WA0022-225x300.jpg\" class=\"attachment-medium size-medium\" alt=\"\" srcset=\"https:\/\/www.le-cocagne.com\/wp-content\/uploads\/2025\/10\/IMG-20250529-WA0022-225x300.jpg 225w, https:\/\/www.le-cocagne.com\/wp-content\/uploads\/2025\/10\/IMG-20250529-WA0022-768x1024.jpg 768w, https:\/\/www.le-cocagne.com\/wp-content\/uploads\/2025\/10\/IMG-20250529-WA0022-1152x1536.jpg 1152w, https:\/\/www.le-cocagne.com\/wp-content\/uploads\/2025\/10\/IMG-20250529-WA0022-9x12.jpg 9w, https:\/\/www.le-cocagne.com\/wp-content\/uploads\/2025\/10\/IMG-20250529-WA0022.jpg 1368w\" sizes=\"auto, (max-width: 225px) 100vw, 225px\" \/><\/a>\n\t\t\t<\/div><\/figure>\n\t\t<\/div>\n\n<p><strong>In love \u2013 it's being in love and happy at the same time<\/strong><\/p>\n<p>A love story of wine. Hand-harvested, working in close harmony with nature using organic farming methods, we produce our \"Amourheuse\" cuv\u00e9e in white, 100% Flor\u00e9al, and in ros\u00e9, 100% Grenache.<\/p>\n<div id='gallery-2' class='gallery galleryid-100 gallery-columns-4 gallery-size-medium'><figure class='gallery-item'>\n\t\t\t<div class='gallery-icon landscape'>\n\t\t\t\t<a href='https:\/\/www.le-cocagne.com\/wp-content\/uploads\/2025\/12\/IMG-20251119-WA0013.jpg'><img loading=\"lazy\" decoding=\"async\" width=\"300\" height=\"225\" src=\"https:\/\/www.le-cocagne.com\/wp-content\/uploads\/2025\/12\/IMG-20251119-WA0013-300x225.jpg\" class=\"attachment-medium size-medium\" alt=\"\" srcset=\"https:\/\/www.le-cocagne.com\/wp-content\/uploads\/2025\/12\/IMG-20251119-WA0013-300x225.jpg 300w, https:\/\/www.le-cocagne.com\/wp-content\/uploads\/2025\/12\/IMG-20251119-WA0013-1024x768.jpg 1024w, https:\/\/www.le-cocagne.com\/wp-content\/uploads\/2025\/12\/IMG-20251119-WA0013-768x576.jpg 768w, https:\/\/www.le-cocagne.com\/wp-content\/uploads\/2025\/12\/IMG-20251119-WA0013-1536x1152.jpg 1536w, https:\/\/www.le-cocagne.com\/wp-content\/uploads\/2025\/12\/IMG-20251119-WA0013-16x12.jpg 16w, https:\/\/www.le-cocagne.com\/wp-content\/uploads\/2025\/12\/IMG-20251119-WA0013.jpg 2048w\" sizes=\"auto, (max-width: 300px) 100vw, 300px\" \/><\/a>\n\t\t\t<\/div><\/figure><figure class='gallery-item'>\n\t\t\t<div class='gallery-icon portrait'>\n\t\t\t\t<a href='https:\/\/www.le-cocagne.com\/wp-content\/uploads\/2025\/10\/IMG-20250831-WA0003.jpg'><img loading=\"lazy\" decoding=\"async\" width=\"225\" height=\"300\" src=\"https:\/\/www.le-cocagne.com\/wp-content\/uploads\/2025\/10\/IMG-20250831-WA0003-225x300.jpg\" class=\"attachment-medium size-medium\" alt=\"\" srcset=\"https:\/\/www.le-cocagne.com\/wp-content\/uploads\/2025\/10\/IMG-20250831-WA0003-225x300.jpg 225w, https:\/\/www.le-cocagne.com\/wp-content\/uploads\/2025\/10\/IMG-20250831-WA0003-768x1024.jpg 768w, https:\/\/www.le-cocagne.com\/wp-content\/uploads\/2025\/10\/IMG-20250831-WA0003-1152x1536.jpg 1152w, https:\/\/www.le-cocagne.com\/wp-content\/uploads\/2025\/10\/IMG-20250831-WA0003-9x12.jpg 9w, https:\/\/www.le-cocagne.com\/wp-content\/uploads\/2025\/10\/IMG-20250831-WA0003.jpg 1200w\" sizes=\"auto, (max-width: 225px) 100vw, 225px\" \/><\/a>\n\t\t\t<\/div><\/figure><figure class='gallery-item'>\n\t\t\t<div class='gallery-icon portrait'>\n\t\t\t\t<a href='https:\/\/www.le-cocagne.com\/wp-content\/uploads\/2026\/01\/20251120_132848-scaled.jpg'><img loading=\"lazy\" decoding=\"async\" width=\"225\" height=\"300\" src=\"https:\/\/www.le-cocagne.com\/wp-content\/uploads\/2026\/01\/20251120_132848-225x300.jpg\" class=\"attachment-medium size-medium\" alt=\"\" srcset=\"https:\/\/www.le-cocagne.com\/wp-content\/uploads\/2026\/01\/20251120_132848-225x300.jpg 225w, https:\/\/www.le-cocagne.com\/wp-content\/uploads\/2026\/01\/20251120_132848-768x1024.jpg 768w, https:\/\/www.le-cocagne.com\/wp-content\/uploads\/2026\/01\/20251120_132848-1152x1536.jpg 1152w, https:\/\/www.le-cocagne.com\/wp-content\/uploads\/2026\/01\/20251120_132848-1536x2048.jpg 1536w, https:\/\/www.le-cocagne.com\/wp-content\/uploads\/2026\/01\/20251120_132848-9x12.jpg 9w, https:\/\/www.le-cocagne.com\/wp-content\/uploads\/2026\/01\/20251120_132848-scaled.jpg 1920w\" sizes=\"auto, (max-width: 225px) 100vw, 225px\" \/><\/a>\n\t\t\t<\/div><\/figure><figure class='gallery-item'>\n\t\t\t<div class='gallery-icon landscape'>\n\t\t\t\t<a href='https:\/\/www.le-cocagne.com\/wp-content\/uploads\/2025\/10\/IMG-20250801-WA0009-1.jpg'><img loading=\"lazy\" decoding=\"async\" width=\"300\" height=\"290\" src=\"https:\/\/www.le-cocagne.com\/wp-content\/uploads\/2025\/10\/IMG-20250801-WA0009-1-300x290.jpg\" class=\"attachment-medium size-medium\" alt=\"\" srcset=\"https:\/\/www.le-cocagne.com\/wp-content\/uploads\/2025\/10\/IMG-20250801-WA0009-1-300x290.jpg 300w, https:\/\/www.le-cocagne.com\/wp-content\/uploads\/2025\/10\/IMG-20250801-WA0009-1-1024x989.jpg 1024w, https:\/\/www.le-cocagne.com\/wp-content\/uploads\/2025\/10\/IMG-20250801-WA0009-1-768x742.jpg 768w, https:\/\/www.le-cocagne.com\/wp-content\/uploads\/2025\/10\/IMG-20250801-WA0009-1-1536x1483.jpg 1536w, https:\/\/www.le-cocagne.com\/wp-content\/uploads\/2025\/10\/IMG-20250801-WA0009-1-12x12.jpg 12w, https:\/\/www.le-cocagne.com\/wp-content\/uploads\/2025\/10\/IMG-20250801-WA0009-1.jpg 1600w\" sizes=\"auto, (max-width: 300px) 100vw, 300px\" \/><\/a>\n\t\t\t<\/div><\/figure>\n\t\t<\/div>","protected":false},"excerpt":{"rendered":"<p>Les vins du Domaine Nous avons une petite production artisanale de vin et de vin p\u00e9tillant, issue des c\u00e9pages Flor\u00e9al, &#8230;<\/p>","protected":false},"author":1,"featured_media":0,"parent":0,"menu_order":0,"comment_status":"closed","ping_status":"closed","template":"","meta":{"footnotes":""},"class_list":["post-100","page","type-page","status-publish","hentry"],"_links":{"self":[{"href":"https:\/\/www.le-cocagne.com\/en\/wp-json\/wp\/v2\/pages\/100","targetHints":{"allow":["GET"]}}],"collection":[{"href":"https:\/\/www.le-cocagne.com\/en\/wp-json\/wp\/v2\/pages"}],"about":[{"href":"https:\/\/www.le-cocagne.com\/en\/wp-json\/wp\/v2\/types\/page"}],"author":[{"embeddable":true,"href":"https:\/\/www.le-cocagne.com\/en\/wp-json\/wp\/v2\/users\/1"}],"replies":[{"embeddable":true,"href":"https:\/\/www.le-cocagne.com\/en\/wp-json\/wp\/v2\/comments?post=100"}],"version-history":[{"count":18,"href":"https:\/\/www.le-cocagne.com\/en\/wp-json\/wp\/v2\/pages\/100\/revisions"}],"predecessor-version":[{"id":534,"href":"https:\/\/www.le-cocagne.com\/en\/wp-json\/wp\/v2\/pages\/100\/revisions\/534"}],"wp:attachment":[{"href":"https:\/\/www.le-cocagne.com\/en\/wp-json\/wp\/v2\/media?parent=100"}],"curies":[{"name":"wp","href":"https:\/\/api.w.org\/{rel}","templated":true}]}}